{"id":444,"date":"2020-01-16T18:27:47","date_gmt":"2020-01-16T17:27:47","guid":{"rendered":"https:\/\/www.powerdrive.at\/?page_id=444"},"modified":"2024-06-27T22:23:36","modified_gmt":"2024-06-27T20:23:36","slug":"impressum","status":"publish","type":"page","link":"https:\/\/www.powerdrive.at\/?page_id=444","title":{"rendered":"Impressum"},"content":{"rendered":"<p>[et_pb_section fb_built=&#8220;1&#8243; fullwidth=&#8220;on&#8220; admin_label=&#8220;Page Header&#8220; _builder_version=&#8220;3.26.6&#8243; background_image=&#8220;https:\/\/www.powerdrive.at\/wp-content\/uploads\/2020\/01\/macbook-pro-beside-papers-669619.jpg&#8220; parallax=&#8220;on&#8220; animation_direction=&#8220;top&#8220; da_disable_devices=&#8220;off|off|off&#8220; da_is_popup=&#8220;off&#8220; da_exit_intent=&#8220;off&#8220; da_has_close=&#8220;on&#8220; da_alt_close=&#8220;off&#8220; da_dark_close=&#8220;off&#8220; da_not_modal=&#8220;on&#8220; da_is_singular=&#8220;off&#8220; da_with_loader=&#8220;off&#8220; da_has_shadow=&#8220;on&#8220;][et_pb_fullwidth_header title=&#8220;Impressum&#8220; text_orientation=&#8220;center&#8220; scroll_down_icon=&#8220;%%2%%&#8220; logo_image_url=&#8220;https:\/\/www.powerdrive.at\/wp-content\/uploads\/2019\/12\/PowerdriveHeader.png&#8220; admin_label=&#8220;Hero Section&#8220; _builder_version=&#8220;3.26.6&#8243; title_font=&#8220;Montserrat|on|||&#8220; title_font_size=&#8220;60px&#8220; title_line_height=&#8220;1.4em&#8220; content_font_size=&#8220;22px&#8220; content_line_height=&#8220;1.8em&#8220; subhead_font=&#8220;||||&#8220; background_color=&#8220;rgba(255, 255, 255, 0)&#8220; use_background_color_gradient=&#8220;on&#8220; background_color_gradient_start=&#8220;rgba(58,52,226,0.93)&#8220; background_color_gradient_end=&#8220;rgba(73,108,220,0.7)&#8220; custom_button_one=&#8220;on&#8220; button_one_text_size=&#8220;16px&#8220; button_one_bg_color=&#8220;#6eba01&#8243; button_one_border_width=&#8220;2px&#8220; button_one_border_color=&#8220;#6eba01&#8243; button_one_border_radius=&#8220;0&#8243; button_one_letter_spacing=&#8220;2&#8243; button_one_font=&#8220;Montserrat|||on|&#8220; button_one_use_icon=&#8220;off&#8220; custom_button_two=&#8220;on&#8220; button_two_text_size=&#8220;16px&#8220; button_two_border_width=&#8220;2px&#8220; button_two_border_color=&#8220;#ffffff&#8220; button_two_border_radius=&#8220;0&#8243; button_two_letter_spacing=&#8220;2&#8243; button_two_font=&#8220;Montserrat|||on|&#8220; button_two_use_icon=&#8220;off&#8220; module_alignment=&#8220;left&#8220; animation_style=&#8220;fade&#8220; title_font_size_tablet=&#8220;&#8220; title_font_size_phone=&#8220;48px&#8220; title_font_size_last_edited=&#8220;on|phone&#8220; button_one_text_color_hover=&#8220;#6eba01&#8243; button_two_text_color_hover=&#8220;#6eba01&#8243; button_one_border_color_hover=&#8220;#ffffff&#8220; button_two_border_color_hover=&#8220;#ffffff&#8220; button_one_border_radius_hover=&#8220;0&#8243; button_two_border_radius_hover=&#8220;0&#8243; button_one_letter_spacing_hover=&#8220;2&#8243; button_two_letter_spacing_hover=&#8220;2&#8243; button_one_bg_color_hover=&#8220;#ffffff&#8220; button_two_bg_color_hover=&#8220;#ffffff&#8220; button_one_text_size__hover_enabled=&#8220;off&#8220; button_two_text_size__hover_enabled=&#8220;off&#8220; button_one_text_color__hover_enabled=&#8220;on&#8220; button_one_text_color__hover=&#8220;#6eba01&#8243; button_two_text_color__hover_enabled=&#8220;on&#8220; button_two_text_color__hover=&#8220;#6eba01&#8243; button_one_border_width__hover_enabled=&#8220;off&#8220; button_two_border_width__hover_enabled=&#8220;off&#8220; button_one_border_color__hover_enabled=&#8220;on&#8220; button_one_border_color__hover=&#8220;#ffffff&#8220; button_two_border_color__hover_enabled=&#8220;on&#8220; button_two_border_color__hover=&#8220;#ffffff&#8220; button_one_border_radius__hover_enabled=&#8220;on&#8220; button_one_border_radius__hover=&#8220;0&#8243; button_two_border_radius__hover_enabled=&#8220;on&#8220; button_two_border_radius__hover=&#8220;0&#8243; button_one_letter_spacing__hover_enabled=&#8220;on&#8220; button_one_letter_spacing__hover=&#8220;2&#8243; button_two_letter_spacing__hover_enabled=&#8220;on&#8220; button_two_letter_spacing__hover=&#8220;2&#8243; button_one_bg_color__hover_enabled=&#8220;on&#8220; button_one_bg_color__hover=&#8220;#ffffff&#8220; button_two_bg_color__hover_enabled=&#8220;on&#8220; button_two_bg_color__hover=&#8220;#ffffff&#8220;]<span>Information nach \u00a7 5 Abs. 1 E-Commerce Gesetz<\/span><\/p>\n<p>&nbsp;[\/et_pb_fullwidth_header][\/et_pb_section][et_pb_section fb_built=&#8220;1&#8243; admin_label=&#8220;Contact Info&#8220; _builder_version=&#8220;3.22&#8243; custom_padding=&#8220;90px||90px|&#8220; da_disable_devices=&#8220;off|off|off&#8220; locked=&#8220;off&#8220; da_is_popup=&#8220;off&#8220; da_exit_intent=&#8220;off&#8220; da_has_close=&#8220;on&#8220; da_alt_close=&#8220;off&#8220; da_dark_close=&#8220;off&#8220; da_not_modal=&#8220;on&#8220; da_is_singular=&#8220;off&#8220; da_with_loader=&#8220;off&#8220; da_has_shadow=&#8220;on&#8220;][et_pb_row _builder_version=&#8220;3.25&#8243; custom_width_px=&#8220;710px&#8220;][et_pb_column type=&#8220;4_4&#8243; _builder_version=&#8220;3.25&#8243; background_position=&#8220;top_left&#8220; custom_padding=&#8220;|||&#8220; custom_padding__hover=&#8220;|||&#8220;][et_pb_divider color=&#8220;#4e5ed0&#8243; divider_weight=&#8220;3px&#8220; disabled_on=&#8220;off|off|off&#8220; _builder_version=&#8220;3.2&#8243; background_color_gradient_direction=&#8220;90deg&#8220; max_width=&#8220;100px&#8220; module_alignment=&#8220;center&#8220; height=&#8220;5px&#8220; custom_margin=&#8220;||20px|&#8220; custom_padding=&#8220;||20px|&#8220; animation_style=&#8220;slide&#8220; animation_direction=&#8220;bottom&#8220; saved_tabs=&#8220;all&#8220; locked=&#8220;off&#8220;][\/et_pb_divider][et_pb_text admin_label=&#8220;Contact Section Title&#8220; _builder_version=&#8220;3.27.4&#8243; header_font=&#8220;Montserrat||||&#8220; header_text_color=&#8220;#1f1f1f&#8220; header_font_size=&#8220;36px&#8220; text_orientation=&#8220;center&#8220; max_width=&#8220;710px&#8220; module_alignment=&#8220;center&#8220; animation_style=&#8220;fold&#8220; animation_direction=&#8220;bottom&#8220; animation_intensity_fold=&#8220;20%&#8220;]<\/p>\n<h1>Impressum<\/h1>\n<p>[\/et_pb_text][\/et_pb_column][\/et_pb_row][et_pb_row column_structure=&#8220;1_3,1_3,1_3&#8243; _builder_version=&#8220;3.26.6&#8243;][et_pb_column type=&#8220;1_3&#8243; _builder_version=&#8220;3.26.6&#8243;][et_pb_team_member name=&#8220;Fahrschule Powerdrive Strassgang&#8220; image_url=&#8220;https:\/\/www.powerdrive.at\/wp-content\/uploads\/2024\/06\/Logo_Strassgang_2023_SW.png&#8220; _builder_version=&#8220;4.4.6&#8243; hover_enabled=&#8220;0&#8243; title_text=&#8220;Logo_Strassgang_2023_SW&#8220;]<\/p>\n<p><span>Inh. Karl-Heinz Stummer<\/span><br \/> <span>Grillweg 7<\/span><br \/> <span>8053 Stra\u00dfgang<\/span><br \/> <span>UID-Nr. ATU51233507<\/span><br \/> <span>Aufsichtsbeh\u00f6rde: LPD Stmk<\/span><\/p>\n<p>[\/et_pb_team_member][\/et_pb_column][et_pb_column type=&#8220;1_3&#8243; _builder_version=&#8220;3.26.6&#8243;][et_pb_team_member name=&#8220;Fahrschule Powerdrive Lieboch&#8220; image_url=&#8220;https:\/\/www.powerdrive.at\/wp-content\/uploads\/2020\/01\/Lieboch.png&#8220; _builder_version=&#8220;3.26.6&#8243;]<\/p>\n<p><span>Inh. Karl-Heinz Stummer<\/span><br \/> <span>Am M\u00fchlbach 2<\/span><br \/> <span>8501 Lieboch<\/span><br \/> <span>UID-Nr. ATU61898101<\/span><br \/> <span>Aufsichtsbeh\u00f6rde: BH Graz-Umgebung<\/span><\/p>\n<p>[\/et_pb_team_member][\/et_pb_column][et_pb_column type=&#8220;1_3&#8243; _builder_version=&#8220;3.26.6&#8243;][et_pb_team_member name=&#8220;Fahrschule Powerdrive Knittelfeld&#8220; image_url=&#8220;https:\/\/www.powerdrive.at\/wp-content\/uploads\/2020\/01\/Knittelfeld_new.png&#8220; _builder_version=&#8220;3.26.6&#8243; custom_padding=&#8220;||0px|||&#8220;]<\/p>\n<p><span>Inh. Karl-Heinz Stummer<br \/> <\/span><span><\/span><span>Wiener Stra\u00dfe 14<br \/> 8720 Knittelfeld<\/span><br \/> <span>UID-Nr. ATU61898101<\/span><br \/> <span>Aufsichtsbeh\u00f6rde: BH Murtal<\/span><\/p>\n<p>[\/et_pb_team_member][\/et_pb_column][\/et_pb_row][et_pb_row column_structure=&#8220;1_3,1_3,1_3&#8243; _builder_version=&#8220;3.26.6&#8243;][et_pb_column type=&#8220;1_3&#8243; _builder_version=&#8220;3.26.6&#8243;][et_pb_team_member name=&#8220;Fahrschule Powerdrive St. Peter&#8220; image_url=&#8220;https:\/\/www.powerdrive.at\/wp-content\/uploads\/2023\/04\/Logo_StPeter_2023.png&#8220; _builder_version=&#8220;4.4.6&#8243;]<\/p>\n<p><span>Inh. DI Dr. Martin Stettinger<\/span><br \/> <span>Pl\u00fcddemanngasse 107<\/span><br \/> <span>8042 Graz<\/span><br \/> <span>UID-Nr. ATU78819815<\/span><br \/> <span>Aufsichtsbeh\u00f6rde: LPD Stmk<\/span><\/p>\n<p>[\/et_pb_team_member][\/et_pb_column][et_pb_column type=&#8220;1_3&#8243; _builder_version=&#8220;3.26.6&#8243;][et_pb_team_member name=&#8220;Fahrschule Powerdrive Eggenberg&#8220; image_url=&#8220;https:\/\/www.powerdrive.at\/wp-content\/uploads\/2020\/01\/Eggenberg.png&#8220; _builder_version=&#8220;3.26.6&#8243;]<\/p>\n<p><span>Inh. Karl Heinz Stummer<\/span><br \/> <span>Georgigasse 31<\/span><br \/> <span>8020 Graz<\/span><br \/> <span>UID-Nr. ATU61898101<\/span><br \/> <span>Aufsichtsbeh\u00f6rde: LPD Stmk<\/span><\/p>\n<p>[\/et_pb_team_member][\/et_pb_column][et_pb_column type=&#8220;1_3&#8243; _builder_version=&#8220;3.26.6&#8243;][et_pb_team_member name=&#8220;Fahrschullehrerakademie Powerdrive&#8220; image_url=&#8220;https:\/\/www.powerdrive.at\/wp-content\/uploads\/2019\/08\/Element-1@4x.png&#8220; _builder_version=&#8220;3.26.6&#8243;]<\/p>\n<p><span>Inh. Karl-Heinz Stummer<\/span><br \/> <span>Grillweg 7<\/span><br \/> <span>8053 Graz<\/span><br \/> <span>UID-Nr. ATU61898101<\/span><\/p>\n<p>[\/et_pb_team_member][\/et_pb_column][\/et_pb_row][et_pb_row column_structure=&#8220;1_3,1_3,1_3&#8243; _builder_version=&#8220;3.26.6&#8243;][et_pb_column type=&#8220;1_3&#8243; _builder_version=&#8220;3.26.6&#8243;][et_pb_team_member name=&#8220;Fahrschule Powerdrive Andritz&#8220; image_url=&#8220;https:\/\/www.powerdrive.at\/wp-content\/uploads\/2024\/06\/Logo_Andritz_2023_sm.png&#8220; _builder_version=&#8220;4.4.6&#8243; hover_enabled=&#8220;0&#8243; title_text=&#8220;Logo_Andritz_2023_sm&#8220;]<\/p>\n<p><span>Inh. DI Dr. Martin Stettinger<\/span><br \/> <span>Andritzer Reichsstra\u00dfe 42a<\/span><br \/> <span>8045 Graz<\/span><br \/> <span>UID-Nr. ATU78819815<\/span><br \/> <span>Aufsichtsbeh\u00f6rde: LPD Stmk<\/span><\/p>\n<p>[\/et_pb_team_member][\/et_pb_column][et_pb_column type=&#8220;1_3&#8243; _builder_version=&#8220;3.26.6&#8243;][\/et_pb_column][et_pb_column type=&#8220;1_3&#8243; _builder_version=&#8220;3.26.6&#8243;][\/et_pb_column][\/et_pb_row][\/et_pb_section]<\/p>\n","protected":false},"excerpt":{"rendered":"<p>Information nach \u00a7 5 Abs. 1 E-Commerce Gesetz &nbsp;ImpressumInh. Karl-Heinz Stummer Grillweg 7 8053 Stra\u00dfgang UID-Nr. ATU51233507 Aufsichtsbeh\u00f6rde: LPD StmkInh. Karl-Heinz Stummer Am M\u00fchlbach 2 8501 Lieboch UID-Nr. ATU61898101 Aufsichtsbeh\u00f6rde: [&hellip;]<\/p>\n","protected":false},"author":1,"featured_media":0,"parent":0,"menu_order":0,"comment_status":"closed","ping_status":"closed","template":"","meta":{"_et_pb_use_builder":"on","_et_pb_old_content":"","_et_gb_content_width":"","_price":"","_stock":"","_tribe_ticket_header":"","_tribe_default_ticket_provider":"","_tribe_ticket_capacity":"0","_ticket_start_date":"","_ticket_end_date":"","_tribe_ticket_show_description":"","_tribe_ticket_show_not_going":false,"_tribe_ticket_use_global_stock":"","_tribe_ticket_global_stock_level":"","_global_stock_mode":"","_global_stock_cap":"","_tribe_rsvp_for_event":"","_tribe_ticket_going_count":"","_tribe_ticket_not_going_count":"","_tribe_tickets_list":"[]","_tribe_ticket_has_attendee_info_fields":false,"footnotes":"","_tec_slr_enabled":"","_tec_slr_layout":""},"class_list":["post-444","page","type-page","status-publish","hentry"],"ticketed":false,"_links":{"self":[{"href":"https:\/\/www.powerdrive.at\/index.php?rest_route=\/wp\/v2\/pages\/444","targetHints":{"allow":["GET"]}}],"collection":[{"href":"https:\/\/www.powerdrive.at\/index.php?rest_route=\/wp\/v2\/pages"}],"about":[{"href":"https:\/\/www.powerdrive.at\/index.php?rest_route=\/wp\/v2\/types\/page"}],"author":[{"embeddable":true,"href":"https:\/\/www.powerdrive.at\/index.php?rest_route=\/wp\/v2\/users\/1"}],"replies":[{"embeddable":true,"href":"https:\/\/www.powerdrive.at\/index.php?rest_route=%2Fwp%2Fv2%2Fcomments&post=444"}],"version-history":[{"count":0,"href":"https:\/\/www.powerdrive.at\/index.php?rest_route=\/wp\/v2\/pages\/444\/revisions"}],"wp:attachment":[{"href":"https:\/\/www.powerdrive.at\/index.php?rest_route=%2Fwp%2Fv2%2Fmedia&parent=444"}],"curies":[{"name":"wp","href":"https:\/\/api.w.org\/{rel}","templated":true}]}}