{"id":106,"date":"2019-12-26T12:22:37","date_gmt":"2019-12-26T11:22:37","guid":{"rendered":"https:\/\/www.powerdrive.at\/?page_id=106"},"modified":"2020-01-16T18:15:16","modified_gmt":"2020-01-16T17:15:16","slug":"datenschutz","status":"publish","type":"page","link":"https:\/\/www.powerdrive.at\/?page_id=106","title":{"rendered":"Datenschutz"},"content":{"rendered":"<p>[et_pb_section fb_built=&#8220;1&#8243; fullwidth=&#8220;on&#8220; admin_label=&#8220;Page Header&#8220; _builder_version=&#8220;3.26.6&#8243; background_image=&#8220;https:\/\/www.powerdrive.at\/wp-content\/uploads\/2020\/01\/interior-of-office-building-325229.jpg&#8220; parallax=&#8220;on&#8220; animation_direction=&#8220;top&#8220;][et_pb_fullwidth_header title=&#8220;Datenschutz&#8220; text_orientation=&#8220;center&#8220; scroll_down_icon=&#8220;%%2%%&#8220; logo_image_url=&#8220;https:\/\/www.powerdrive.at\/wp-content\/uploads\/2019\/12\/PowerdriveHeader.png&#8220; admin_label=&#8220;Hero Section&#8220; _builder_version=&#8220;3.26.6&#8243; title_font=&#8220;Montserrat|on|||&#8220; title_font_size=&#8220;60px&#8220; title_line_height=&#8220;1.4em&#8220; content_font_size=&#8220;22px&#8220; content_line_height=&#8220;1.8em&#8220; subhead_font=&#8220;||||&#8220; background_color=&#8220;rgba(255, 255, 255, 0)&#8220; use_background_color_gradient=&#8220;on&#8220; background_color_gradient_start=&#8220;rgba(58,52,226,0.93)&#8220; background_color_gradient_end=&#8220;rgba(73,108,220,0.7)&#8220; custom_button_one=&#8220;on&#8220; button_one_text_size=&#8220;16px&#8220; button_one_bg_color=&#8220;#6eba01&#8243; button_one_border_width=&#8220;2px&#8220; button_one_border_color=&#8220;#6eba01&#8243; button_one_border_radius=&#8220;0&#8243; button_one_letter_spacing=&#8220;2&#8243; button_one_font=&#8220;Montserrat|||on|&#8220; button_one_use_icon=&#8220;off&#8220; custom_button_two=&#8220;on&#8220; button_two_text_size=&#8220;16px&#8220; button_two_border_width=&#8220;2px&#8220; button_two_border_color=&#8220;#ffffff&#8220; button_two_border_radius=&#8220;0&#8243; button_two_letter_spacing=&#8220;2&#8243; button_two_font=&#8220;Montserrat|||on|&#8220; button_two_use_icon=&#8220;off&#8220; module_alignment=&#8220;left&#8220; animation_style=&#8220;fade&#8220; title_font_size_phone=&#8220;48px&#8220; title_font_size_last_edited=&#8220;on|phone&#8220; button_one_text_color_hover=&#8220;#6eba01&#8243; button_two_text_color_hover=&#8220;#6eba01&#8243; button_one_border_color_hover=&#8220;#ffffff&#8220; button_two_border_color_hover=&#8220;#ffffff&#8220; button_one_border_radius_hover=&#8220;0&#8243; button_two_border_radius_hover=&#8220;0&#8243; button_one_letter_spacing_hover=&#8220;2&#8243; button_two_letter_spacing_hover=&#8220;2&#8243; button_one_bg_color_hover=&#8220;#ffffff&#8220; button_two_bg_color_hover=&#8220;#ffffff&#8220; button_one_text_size__hover_enabled=&#8220;off&#8220; button_two_text_size__hover_enabled=&#8220;off&#8220; button_one_text_color__hover_enabled=&#8220;on&#8220; button_one_text_color__hover=&#8220;#6eba01&#8243; button_two_text_color__hover_enabled=&#8220;on&#8220; button_two_text_color__hover=&#8220;#6eba01&#8243; button_one_border_width__hover_enabled=&#8220;off&#8220; button_two_border_width__hover_enabled=&#8220;off&#8220; button_one_border_color__hover_enabled=&#8220;on&#8220; button_one_border_color__hover=&#8220;#ffffff&#8220; button_two_border_color__hover_enabled=&#8220;on&#8220; button_two_border_color__hover=&#8220;#ffffff&#8220; button_one_border_radius__hover_enabled=&#8220;on&#8220; button_one_border_radius__hover=&#8220;0&#8243; button_two_border_radius__hover_enabled=&#8220;on&#8220; button_two_border_radius__hover=&#8220;0&#8243; button_one_letter_spacing__hover_enabled=&#8220;on&#8220; button_one_letter_spacing__hover=&#8220;2&#8243; button_two_letter_spacing__hover_enabled=&#8220;on&#8220; button_two_letter_spacing__hover=&#8220;2&#8243; button_one_bg_color__hover_enabled=&#8220;on&#8220; button_one_bg_color__hover=&#8220;#ffffff&#8220; button_two_bg_color__hover_enabled=&#8220;on&#8220; button_two_bg_color__hover=&#8220;#ffffff&#8220;]<\/p>\n<p><span>Powerdrive legt grossen Wert auf den Schutz Ihrer Privatsph\u00e4re und die Sicherheit der Daten.\u00a0<\/span><\/p>\n<p>&nbsp;<\/p>\n<p>[\/et_pb_fullwidth_header][\/et_pb_section][et_pb_section fb_built=&#8220;1&#8243; admin_label=&#8220;Contact Info&#8220; _builder_version=&#8220;3.22&#8243; custom_padding=&#8220;90px||90px|&#8220; locked=&#8220;off&#8220;][et_pb_row _builder_version=&#8220;3.25&#8243; custom_width_px=&#8220;710px&#8220;][et_pb_column type=&#8220;4_4&#8243; _builder_version=&#8220;3.25&#8243; background_position=&#8220;top_left&#8220; custom_padding=&#8220;|||&#8220; custom_padding__hover=&#8220;|||&#8220;][et_pb_divider color=&#8220;#4e5ed0&#8243; divider_weight=&#8220;3px&#8220; disabled_on=&#8220;off|off|off&#8220; _builder_version=&#8220;3.2&#8243; background_color_gradient_direction=&#8220;90deg&#8220; max_width=&#8220;100px&#8220; module_alignment=&#8220;center&#8220; height=&#8220;5px&#8220; custom_margin=&#8220;||20px|&#8220; custom_padding=&#8220;||20px|&#8220; animation_style=&#8220;slide&#8220; animation_direction=&#8220;bottom&#8220; saved_tabs=&#8220;all&#8220; locked=&#8220;off&#8220;][\/et_pb_divider][et_pb_text admin_label=&#8220;Contact Section Title&#8220; _builder_version=&#8220;3.26.6&#8243; header_font=&#8220;Montserrat||||&#8220; header_text_color=&#8220;#1f1f1f&#8220; header_font_size=&#8220;36px&#8220; text_orientation=&#8220;center&#8220; max_width=&#8220;710px&#8220; module_alignment=&#8220;center&#8220; animation_style=&#8220;fold&#8220; animation_direction=&#8220;bottom&#8220; animation_intensity_fold=&#8220;20%&#8220;]<\/p>\n<h1>Datenschutzrichtlinie g\u00fcltig ab<\/h1>\n<h1>25.Mai 2018<\/h1>\n<p>[\/et_pb_text][\/et_pb_column][\/et_pb_row][et_pb_row _builder_version=&#8220;3.26.6&#8243;][et_pb_column _builder_version=&#8220;3.26.6&#8243; type=&#8220;4_4&#8243;][et_pb_text _builder_version=&#8220;3.26.6&#8243;]<\/p>\n<p>Powerdrive unternimmt alle \u00fcblichen und zumutbaren Massnahmen zum Schutz pers\u00f6nlicher Informationen vor Verlust, Missbrauch, unberechtigtem Zugriff, Offenlegung, Ver\u00e4nderung oder Zerst\u00f6rung.<\/p>\n<p>Die Datenschutzgrundverordnung (DSGVO) (EU) 2016\/679 (\u201ezum Schutz natu\u0308rlicher Personen bei der Verarbeitung personenbezogener Daten \u2026.\u201c), das neue Datenschutzgesetz (DSG) sowie das Datenschutz-Anpassungsgesetz 2018 (BGBl I Nr. 120\/2017) gelten ab 25. Mai 2018.<\/p>\n<p>Nachstehende Datenschutzrichtlinie beschreibt den Umgang mit Daten, die bei Powerdrive anfallen.<\/p>\n<h3>Ihre Daten bei Powerdrive.at<\/h3>\n<p>Wenn Sie Powerdrive.at besuchen, fallen durch Ihre Nutzung implizit Daten, wie zum Beispiel Logdaten, an. Wir verwenden diese Informationen f\u00fcr interne Analysen um die Webseite f\u00fcr Sie weiter zu verbessern. Wir geben keine Daten an Dritte weiter!<\/p>\n<h3>Logdaten<\/h3>\n<p>Zugriffe und Transaktionen zeichnet Powerdrive in so genannten Logdaten auf. Diese Logdaten werden f\u00fcr Fehlerbehebung, Statistiken, Analysen, Qualit\u00e4tsverbesserungen und das Identifizieren von Sicherheitsproblemen ben\u00f6tigt und zu diesem Zweck punktuell oder statistisch ausgewertet.<\/p>\n<h3>Cookies<\/h3>\n<p>Wenn Sie Powerdrive verwenden, werden Cookies auf Ihrem Computer gespeichert. Cookies sind kleine Informationseinheiten, mit deren Hilfe Ihr Browser eindeutig identifiziert werden kann und in denen weitere Informationen wie Benutzereinstellungen abgelegt werden k\u00f6nnen. Powerdrive verwendet Cookies, <span id=\"cn-notice-text\">um unsere Webseite f\u00fcr Sie m\u00f6glichst benutzerfreundlich zu gestalten.<\/span><\/p>\n<p>Die meisten Internet-Browser akzeptieren Cookies automatisch. Sie k\u00f6nnen Ihren Browser jedoch jederzeit so konfigurieren, dass keine Cookies auf Ihrem Computer gespeichert werden oder stets ein Hinweis erscheint, wenn Sie ein neues Cookie erhalten.<\/p>\n<p>Powerdrive.at l\u00e4sst sich grunds\u00e4tzlich auch ohne die Annahme von Cookies aufrufen, allerdings k\u00f6nnen dann einzelne Funktionalit\u00e4ten eingeschr\u00e4nkt sein.<\/p>\n<h3>Kommunikation zwischen Ihnen und Powerdrive<\/h3>\n<p>Wenn Sie Powerdrive eine Mitteilung schicken, kann diese Mitteilung gespeichert werden, um diese zu bearbeiten, um Statistiken zu erstellen, um unsere Dienstleistungen und Support-Leistungen zu verbessern oder um mit Ihnen in Kontakt zu treten.<\/p>\n<h3>Standort der Daten<\/h3>\n<p>Die Datenbanken von Powerdrive befinden sich auf Cloud-Sever auschlie\u00dflich in \u00d6sterreich.<\/p>\n<h3>Datenschutzerkl\u00e4rung f\u00fcr die Nutzung von Facebook-Plugins (Like-Button)<\/h3>\n<p>Auf unseren Seiten sind Plugins des sozialen Netzwerks Facebook, Anbieter Facebook Inc., 1 Hacker Way, Menlo Park, California 94025, USA, integriert. Die Facebook-Plugins erkennen Sie an dem Facebook-Logo oder dem \u201cLike-Button\u201d (\u201cGef\u00e4llt mir\u201d) auf unserer Seite. Eine \u00dcbersicht \u00fcber die Facebook-Plugins finden Sie hier: http:\/\/developers.facebook.com\/docs\/plugins\/.<\/p>\n<p>Wenn Sie unsere Seiten besuchen, wird \u00fcber das Plugin eine direkte Verbindung zwischen Ihrem Browser und dem Facebook-Server hergestellt. Facebook erh\u00e4lt dadurch die Information, dass Sie mit Ihrer IP-Adresse unsere Seite besucht haben. Wenn Sie den Facebook \u201cLike-Button\u201d anklicken w\u00e4hrend Sie in Ihrem Facebook-Account eingeloggt sind, k\u00f6nnen Sie die Inhalte unserer Seiten auf Ihrem Facebook-Profil verlinken. Dadurch kann Facebook den Besuch unserer Seiten Ihrem Benutzerkonto zuordnen. Wir weisen darauf hin, dass wir als Anbieter der Seiten keine Kenntnis vom Inhalt der \u00fcbermittelten Daten sowie deren Nutzung durch Facebook erhalten. Weitere Informationen hierzu finden Sie in der Datenschutzerkl\u00e4rung von Facebook unter http:\/\/de-de.facebook.com\/policy.php.<\/p>\n<p>Wenn Sie nicht w\u00fcnschen, dass Facebook den Besuch unserer Seiten Ihrem Facebook- Nutzerkonto zuordnen kann, loggen Sie sich bitte aus Ihrem Facebook-Benutzerkonto aus.<\/p>\n<h3>Anspruch auf Auskunft, Berichtigung, L\u00f6schung oder Beschwerde<\/h3>\n<p>Sie haben das Recht, jederzeit Ihre Datenschutzrechte geltend zu machen und Auskunft dar\u00fcber zu verlangen, ob und welche personenbezogenen Daten \u00fcber Sie bei uns bearbeitet werden. Sie k\u00f6nnen Ihre personenbezogenen Daten auch jederzeit mit schriftlicher Mitteilung und entsprechendem Nachweis Ihrer Identit\u00e4t an nachfolgende Adresse berichtigen, sperren oder l\u00f6schen lassen:<\/p>\n<p><strong>datenschutz@powerdrive.at<\/strong><\/p>\n<p>Wir behalten uns vor, in diesem Zusammenhang mit Ihnen zu korrespondieren. Bitte beachten Sie, dass wir auch nach Ihrer Aufforderung zur Sperrung oder L\u00f6schung Ihrer personenbezogenen Daten diese teilweise im Rahmen unserer gesetzlichen oder vertraglichen Aufbewahrungspflichten (etwa zu Abrechnungszwecken) behalten m\u00fcssen und in diesem Fall ihre personenbezogenen Daten soweit zu diesem Zweck erforderlich nur sperren.<\/p>\n<h3>Ansprechpartner<\/h3>\n<p>Wenn Sie Fragen zum Datenschutz auf unserer Webseite haben, Ausk\u00fcnfte verlangen m\u00f6chten oder die L\u00f6schung Ihrer Daten beantragen m\u00f6chten, wenden Sie sich bitte an unseren Ansprechpartner f\u00fcr Datenschutzrecht, in dem Sie eine E-Mail an datenschutz@powerdrive.at schicken.<\/p>\n<p>[\/et_pb_text][\/et_pb_column][\/et_pb_row][\/et_pb_section]<\/p>\n","protected":false},"excerpt":{"rendered":"<p>Powerdrive legt grossen Wert auf den Schutz Ihrer Privatsph\u00e4re und die Sicherheit der Daten.\u00a0 &nbsp;Datenschutzrichtlinie g\u00fcltig ab 25.Mai 2018Powerdrive unternimmt alle \u00fcblichen und zumutbaren Massnahmen zum Schutz pers\u00f6nlicher Informationen vor [&hellip;]<\/p>\n","protected":false},"author":1,"featured_media":0,"parent":0,"menu_order":0,"comment_status":"closed","ping_status":"closed","template":"","meta":{"_et_pb_use_builder":"on","_et_pb_old_content":"","_et_gb_content_width":"","_price":"","_stock":"","_tribe_ticket_header":"","_tribe_default_ticket_provider":"","_tribe_ticket_capacity":"0","_ticket_start_date":"","_ticket_end_date":"","_tribe_ticket_show_description":"","_tribe_ticket_show_not_going":false,"_tribe_ticket_use_global_stock":"","_tribe_ticket_global_stock_level":"","_global_stock_mode":"","_global_stock_cap":"","_tribe_rsvp_for_event":"","_tribe_ticket_going_count":"","_tribe_ticket_not_going_count":"","_tribe_tickets_list":"[]","_tribe_ticket_has_attendee_info_fields":false,"footnotes":"","_tec_slr_enabled":"","_tec_slr_layout":""},"class_list":["post-106","page","type-page","status-publish","hentry"],"ticketed":false,"_links":{"self":[{"href":"https:\/\/www.powerdrive.at\/index.php?rest_route=\/wp\/v2\/pages\/106","targetHints":{"allow":["GET"]}}],"collection":[{"href":"https:\/\/www.powerdrive.at\/index.php?rest_route=\/wp\/v2\/pages"}],"about":[{"href":"https:\/\/www.powerdrive.at\/index.php?rest_route=\/wp\/v2\/types\/page"}],"author":[{"embeddable":true,"href":"https:\/\/www.powerdrive.at\/index.php?rest_route=\/wp\/v2\/users\/1"}],"replies":[{"embeddable":true,"href":"https:\/\/www.powerdrive.at\/index.php?rest_route=%2Fwp%2Fv2%2Fcomments&post=106"}],"version-history":[{"count":0,"href":"https:\/\/www.powerdrive.at\/index.php?rest_route=\/wp\/v2\/pages\/106\/revisions"}],"wp:attachment":[{"href":"https:\/\/www.powerdrive.at\/index.php?rest_route=%2Fwp%2Fv2%2Fmedia&parent=106"}],"curies":[{"name":"wp","href":"https:\/\/api.w.org\/{rel}","templated":true}]}}